{"id":2,"date":"2022-12-03T14:25:20","date_gmt":"2022-12-03T14:25:20","guid":{"rendered":"https:\/\/stutte-massage.de\/?page_id=2"},"modified":"2025-10-09T13:37:42","modified_gmt":"2025-10-09T13:37:42","slug":"sample-page","status":"publish","type":"page","link":"https:\/\/stutte-massage.de\/","title":{"rendered":"Herzlich Willkommen"},"content":{"rendered":"\n<div class=\"wp-block-columns is-layout-flex wp-container-core-columns-is-layout-9d6595d7 wp-block-columns-is-layout-flex\">\n<div class=\"wp-block-column is-layout-flow wp-block-column-is-layout-flow\">\n<p class=\"Standard1\">Ich freue mich, Sie auf meiner Internetseite begr\u00fc\u00dfen zu d\u00fcrfen.<\/p>\n<p class=\"Standard1\">Jeder von uns ist dem allt\u00e4glichen Stress ausgesetzt. Terminstress, beruflicher und \/ oder schulischer Leistungsdruck kann zu Verspannungen und Missstimmungen f\u00fchren. Sprichw\u00f6rtlich: <em>Wir tragen zu viel Last auf unseren Schultern<\/em>. Gerne m\u00f6chte ich Ihnen bei der k\u00f6rperlichen und mentalen Entspannung behilflich sein. Ber\u00fchrungen k\u00f6nnen hierbei eine enorme Wirkung entfalten.<\/p>\n<p class=\"Standard1\">\n<p class=\"Standard1\">Ich freue mich auf Sie<\/p>\n<p>Ihre<\/p>\n<p><img loading=\"lazy\" decoding=\"async\" class=\"alignnone size-medium wp-image-64\" src=\"https:\/\/stutte-massage.de\/wp-content\/uploads\/2022\/12\/F35E80DE-1BCB-4D23-A59B-45DA8D047FE6-300x55.jpeg\" alt=\"\" width=\"300\" height=\"55\" srcset=\"https:\/\/stutte-massage.de\/wp-content\/uploads\/2022\/12\/F35E80DE-1BCB-4D23-A59B-45DA8D047FE6-300x55.jpeg 300w, https:\/\/stutte-massage.de\/wp-content\/uploads\/2022\/12\/F35E80DE-1BCB-4D23-A59B-45DA8D047FE6.jpeg 577w\" sizes=\"auto, (max-width: 300px) 100vw, 300px\" \/><\/p>\n<\/p>\n<\/div>\n\n\n\n<div class=\"wp-block-column is-layout-flow wp-block-column-is-layout-flow\">\n<div class=\"wp-block-group\"><div class=\"wp-block-group__inner-container is-layout-constrained wp-block-group-is-layout-constrained\">\n<figure class=\"wp-block-image size-full\"><img loading=\"lazy\" decoding=\"async\" width=\"1500\" height=\"2000\" src=\"https:\/\/stutte-massage.de\/wp-content\/uploads\/2022\/12\/cropped-25890C71-D016-48A8-AA62-8A0869778643.jpeg\" alt=\"\" class=\"wp-image-67\" srcset=\"https:\/\/stutte-massage.de\/wp-content\/uploads\/2022\/12\/cropped-25890C71-D016-48A8-AA62-8A0869778643.jpeg 1500w, https:\/\/stutte-massage.de\/wp-content\/uploads\/2022\/12\/cropped-25890C71-D016-48A8-AA62-8A0869778643-225x300.jpeg 225w, https:\/\/stutte-massage.de\/wp-content\/uploads\/2022\/12\/cropped-25890C71-D016-48A8-AA62-8A0869778643-768x1024.jpeg 768w, https:\/\/stutte-massage.de\/wp-content\/uploads\/2022\/12\/cropped-25890C71-D016-48A8-AA62-8A0869778643-1152x1536.jpeg 1152w, https:\/\/stutte-massage.de\/wp-content\/uploads\/2022\/12\/cropped-25890C71-D016-48A8-AA62-8A0869778643-300x400.jpeg 300w, https:\/\/stutte-massage.de\/wp-content\/uploads\/2022\/12\/cropped-25890C71-D016-48A8-AA62-8A0869778643-850x1133.jpeg 850w\" sizes=\"auto, (max-width: 1500px) 100vw, 1500px\" \/><\/figure>\n<\/div><\/div>\n<\/div>\n<\/div>\n\n\n\n<p><\/p>\n","protected":false},"excerpt":{"rendered":"<p>Ich freue mich, Sie auf meiner Internetseite begr\u00fc\u00dfen zu d\u00fcrfen. Jeder von uns ist dem allt\u00e4glichen Stress ausgesetzt. Terminstress, beruflicher und \/ oder schulischer Leistungsdruck kann zu Verspannungen und Missstimmungen f\u00fchren. Sprichw\u00f6rtlich: Wir tragen zu viel Last auf unseren Schultern. Gerne m\u00f6chte ich Ihnen bei der k\u00f6rperlichen und mentalen Entspannung behilflich sein. Ber\u00fchrungen k\u00f6nnen hierbei&#8230;<\/p>\n","protected":false},"author":1,"featured_media":0,"parent":0,"menu_order":0,"comment_status":"closed","ping_status":"open","template":"","meta":{"footnotes":""},"class_list":["post-2","page","type-page","status-publish","hentry"],"jetpack_sharing_enabled":true,"_links":{"self":[{"href":"https:\/\/stutte-massage.de\/index.php?rest_route=\/wp\/v2\/pages\/2","targetHints":{"allow":["GET"]}}],"collection":[{"href":"https:\/\/stutte-massage.de\/index.php?rest_route=\/wp\/v2\/pages"}],"about":[{"href":"https:\/\/stutte-massage.de\/index.php?rest_route=\/wp\/v2\/types\/page"}],"author":[{"embeddable":true,"href":"https:\/\/stutte-massage.de\/index.php?rest_route=\/wp\/v2\/users\/1"}],"replies":[{"embeddable":true,"href":"https:\/\/stutte-massage.de\/index.php?rest_route=%2Fwp%2Fv2%2Fcomments&post=2"}],"version-history":[{"count":22,"href":"https:\/\/stutte-massage.de\/index.php?rest_route=\/wp\/v2\/pages\/2\/revisions"}],"predecessor-version":[{"id":177,"href":"https:\/\/stutte-massage.de\/index.php?rest_route=\/wp\/v2\/pages\/2\/revisions\/177"}],"wp:attachment":[{"href":"https:\/\/stutte-massage.de\/index.php?rest_route=%2Fwp%2Fv2%2Fmedia&parent=2"}],"curies":[{"name":"wp","href":"https:\/\/api.w.org\/{rel}","templated":true}]}}